{"id":1855,"date":"2021-04-20T23:01:15","date_gmt":"2021-04-20T21:01:15","guid":{"rendered":"http:\/\/www.usedrone.fr\/?page_id=1855"},"modified":"2021-04-20T23:25:24","modified_gmt":"2021-04-20T21:25:24","slug":"donnees-personnelles","status":"publish","type":"page","link":"https:\/\/www.usedrone.fr\/index.php\/donnees-personnelles\/","title":{"rendered":"Politique des cookies du site"},"content":{"rendered":"<p>[et_pb_section fb_built=\u00a0\u00bb1&Prime; admin_label=\u00a0\u00bbsection\u00a0\u00bb _builder_version=\u00a0\u00bb4.9.4&Prime; hover_enabled=\u00a0\u00bb0&Prime; sticky_enabled=\u00a0\u00bb0&Prime; use_background_color_gradient=\u00a0\u00bbon\u00a0\u00bb background_color_gradient_start=\u00a0\u00bb#ede0d4&Prime; background_color_gradient_end=\u00a0\u00bb#c9e4ca\u00a0\u00bb][et_pb_row admin_label=\u00a0\u00bbrow\u00a0\u00bb _builder_version=\u00a0\u00bb3.25&Prime; background_size=\u00a0\u00bbinitial\u00a0\u00bb background_position=\u00a0\u00bbtop_left\u00a0\u00bb background_repeat=\u00a0\u00bbrepeat\u00a0\u00bb][et_pb_column type=\u00a0\u00bb4_4&Prime; _builder_version=\u00a0\u00bb3.25&Prime; custom_padding=\u00a0\u00bb|||\u00a0\u00bb custom_padding__hover=\u00a0\u00bb|||\u00a0\u00bb][et_pb_text admin_label=\u00a0\u00bbText\u00a0\u00bb _builder_version=\u00a0\u00bb4.9.4&Prime; background_size=\u00a0\u00bbinitial\u00a0\u00bb background_position=\u00a0\u00bbtop_left\u00a0\u00bb background_repeat=\u00a0\u00bbrepeat\u00a0\u00bb hover_enabled=\u00a0\u00bb0&Prime; sticky_enabled=\u00a0\u00bb0&Prime;]<\/p>\n<div class=\"cli_pg_page_contaner\">\n<h4>A propos de la politique des cookies du site<\/h4>\n<div>Le site www.usedrone.fr que vous visitez utilise des traceurs (ccokies). Ainsi, il est susceptible d&rsquo;acc\u00e9der \u00e0 des informations d\u00e9j\u00e0 stock\u00e9es dans votre ordinateur, tablette ou smartphone et d&rsquo;y inscrire des informations pour faciliter votre navigation, et nous renseigner sur vos centres d&rsquo;int\u00e9r\u00eats sur le site.<\/div>\n<\/div>\n<div>\n<pre id=\"tw-target-text\" class=\"tw-data-text tw-text-large XcVN5d tw-ta\" dir=\"ltr\" data-placeholder=\"Translation\"><\/pre>\n<\/div>\n<p>[\/et_pb_text][et_pb_text admin_label=\u00a0\u00bbText\u00a0\u00bb _builder_version=\u00a0\u00bb4.9.4&Prime; background_size=\u00a0\u00bbinitial\u00a0\u00bb background_position=\u00a0\u00bbtop_left\u00a0\u00bb background_repeat=\u00a0\u00bbrepeat\u00a0\u00bb hover_enabled=\u00a0\u00bb0&Prime; sticky_enabled=\u00a0\u00bb0&Prime; custom_padding=\u00a0\u00bb0px|||||\u00a0\u00bb custom_margin=\u00a0\u00bb-27px|||||\u00a0\u00bb]<\/p>\n<div class=\"cli_pg_page_contaner\"><\/div>\n<div class=\"cli_pg_page_contaner\">\n<h4>C&rsquo;est quoi des cookies ?<\/h4>\n<div>Les cookies, aussi appel\u00e9s traceurs, sont de petits fichiers texte, d\u00e9pos\u00e9s sur votre \u00e9quipement pour permettre au serveur de vous identifier et de vous fournir de l&rsquo;information en fonction de votre exp\u00e9rience de navigation.<\/div>\n<\/div>\n<div><\/div>\n<div>Les cookies utilis\u00e9s sur le site ont pour finalit\u00e9 de permettre et faciliter votre navigation notamment en m\u00e9morisant vos pr\u00e9f\u00e9rences de navigation d\u00e9finies au cours de votre session et de r\u00e9aliser des statistiques anonymes les pages visit\u00e9es afin de nous aider \u00e0 optimiser les contenus et \u00e0 adapter l&rsquo;ergonomie du site. Nous n&rsquo;h\u00e9bergeons de cookies pour le compte d&rsquo;un tiers.<\/div>\n<div class=\"cli_pg_page_contaner\">\n<div><\/div>\n<\/div>\n<p>[\/et_pb_text][et_pb_text admin_label=\u00a0\u00bbText\u00a0\u00bb _builder_version=\u00a0\u00bb4.9.4&Prime; background_size=\u00a0\u00bbinitial\u00a0\u00bb background_position=\u00a0\u00bbtop_left\u00a0\u00bb background_repeat=\u00a0\u00bbrepeat\u00a0\u00bb hover_enabled=\u00a0\u00bb0&Prime; sticky_enabled=\u00a0\u00bb0&Prime;]<\/p>\n<div class=\"cli_pg_page_contaner\">\n<h4>Comment nous utilisons les cookies ?<\/h4>\n<\/div>\n<div>\n<p>Comme la plupart des services en ligne, notre site Web utilise des cookies propri\u00e9taires et tiers \u00e0 plusieurs fins. Les cookies propri\u00e9taires sont principalement n\u00e9cessaires au bon fonctionnement du site Web et ils ne collectent aucune de vos donn\u00e9es personnellement identifiables.<\/p>\n<p>Les cookies tiers utilis\u00e9s sur notre site Web servent principalement \u00e0 comprendre comment le site Web fonctionne, comment vous interagissez avec notre site Web, et \u00e0 assurer la s\u00e9curit\u00e9 de nos services.<br \/>Dans l&rsquo;ensemble, \u00e0 vous fournir un usage optimis\u00e9 et am\u00e9lior\u00e9, en vous aidant de votre exp\u00e9rience de navigation pour am\u00e9liorer dans cesse l&rsquo;ergonomie er les contenus et services.\u00a0<\/p>\n<div class=\"cli_pg_page_contaner\">\n<div><\/div>\n<\/div>\n<\/div>\n<p>[\/et_pb_text][et_pb_text admin_label=\u00a0\u00bbText\u00a0\u00bb _builder_version=\u00a0\u00bb4.9.4&Prime; background_size=\u00a0\u00bbinitial\u00a0\u00bb background_position=\u00a0\u00bbtop_left\u00a0\u00bb background_repeat=\u00a0\u00bbrepeat\u00a0\u00bb hover_enabled=\u00a0\u00bb0&Prime; sticky_enabled=\u00a0\u00bb0&Prime; min_height=\u00a0\u00bb182px\u00a0\u00bb custom_padding=\u00a0\u00bb1px|||||\u00a0\u00bb]<\/p>\n<h4 class=\"cli_pg_page_contaner\">Comment puis-je contr\u00f4ler mes cookies ?<\/h4>\n<div>\n<div class=\"cli_pg_page_contaner\">\n<p>Ces traceurs ne peuvent pas techniquement, \u00eatre d\u00e9sactiv\u00e9s depuis le site. Vous pouvez n\u00e9anmoins vous opposer \u00e0 l&rsquo;utilisation de ces traceurs, exclusivement en param\u00e9trant votre navigateur. Ce param\u00e9trage d\u00e9pend du navigateur que vous utilisez, mais il est en g\u00e9n\u00e9ral simple \u00e0 r\u00e9aliser : en principe, vous pouvez soit activer une fonction de navigation priv\u00e9e soit uniquement interdire ou restreindre les traceurs (cookies). Attention, il se peut que des traceurs aient \u00e9t\u00e9 enregistr\u00e9s sur votre p\u00e9riph\u00e9rique avant le param\u00e9trage de votre navigateur : dans ce cas, effacez votre historique de navigation, toujours en utilisant le param\u00e9trage de votre navigateur.<\/p>\n<div><\/div>\n<\/div>\n<\/div>\n<p>[\/et_pb_text][\/et_pb_column][\/et_pb_row][\/et_pb_section]<\/p>\n","protected":false},"excerpt":{"rendered":"<p>A propos de la politique des cookies du site Le site www.usedrone.fr que vous visitez utilise des traceurs (ccokies). Ainsi, il est susceptible d&rsquo;acc\u00e9der \u00e0 des informations d\u00e9j\u00e0 stock\u00e9es dans votre ordinateur, tablette ou smartphone et d&rsquo;y inscrire des informations pour faciliter votre navigation, et nous renseigner sur vos centres d&rsquo;int\u00e9r\u00eats sur le site. C&rsquo;est [&hellip;]<\/p>\n","protected":false},"author":1,"featured_media":0,"parent":0,"menu_order":0,"comment_status":"closed","ping_status":"closed","template":"","meta":{"_et_pb_use_builder":"on","_et_pb_old_content":"<div class=\"cli_pg_page_contaner\">\n<h3><\/h3>\n<h3>A PROPOS DE LA POLITIQUE DES COOKIES DU SITE<\/h3>\n<div>Le site www.usedrone.fr que vous visitez utilise des traceurs (ccokies). Ainsi, il est susceptible d'acc\u00e9der \u00e0 des informations d\u00e9j\u00e0 stock\u00e9es dans votre ordinateur, tablette ou smartphone et d'y inscrire des informations pour faciliter votre navigation, et nous renseigner sur vos centres d'int\u00e9r\u00eats sur le site.<\/div>\n<\/div>\n<div><\/div>\n<div>Les traceurs utilis\u00e9s sur le site rel\u00e8vent de deux cat\u00e9gories :<\/div>\n<div>- les traceurs dits strictement n\u00e9cessaires au fonctionnement interne du site, qui ne n\u00e9cessite pas votre consentement pr\u00e9alable,<\/div>\n<div>- les autres traceurs, en l'occurence google analytics, soumis \u00e0 votre consentement pr\u00e9alable<\/div>\n<div><\/div>\n<div class=\"cli_pg_page_contaner\">\n<h3>C'est quoi des cookies ?<\/h3>\n<div>Les cookies, aussi appel\u00e9s traceurs, sont de petits fichiers texte, d\u00e9pos\u00e9s sur votre \u00e9quipement pour permettre au serveur de vous identifier et de vous fournir de l'information en fonction de votre exp\u00e9rience de navigation.<\/div>\n<\/div>\n<div><\/div>\n<div>Les cookies utilis\u00e9s sur le site ont pour finalit\u00e9 de permettre et faciliter votre navigation notamment en m\u00e9morisant vos pr\u00e9f\u00e9rences de navigation d\u00e9finies au cours de votre session et de r\u00e9aliser des statistiques anonymes les pages visit\u00e9es afin de nous aider \u00e0 optimiser les contenus et \u00e0 adapter l'ergonomie du site.<\/div>\n<div class=\"cli_pg_page_contaner\">\n<div><\/div>\n<h3>Comment nous utilisons les cookies ?<\/h3>\n<\/div>\n<div>\n<pre id=\"tw-target-text\" class=\"tw-data-text tw-text-large XcVN5d tw-ta\" dir=\"ltr\" data-placeholder=\"Translation\"><span class=\"Y2IQFc\" lang=\"fr\">Comme la plupart des services en ligne, notre site Web utilise des cookies propri\u00e9taires et tiers \u00e0 plusieurs fins. Les cookies propri\u00e9taires sont principalement n\u00e9cessaires au bon fonctionnement du site Web et ils ne collectent aucune de vos donn\u00e9es personnellement identifiables.\n\nLes cookies tiers utilis\u00e9s sur notre site Web servent principalement \u00e0 comprendre comment le site Web fonctionne, comment vous interagissez avec notre site Web, et \u00e0 assurer la s\u00e9curit\u00e9 de nos services. \nDans l'ensemble, \u00e0 vous fournir un usage optimis\u00e9 et am\u00e9lior\u00e9, en vous aidant de votre  exp\u00e9rience de navigation pour am\u00e9liorer dans cesse l'ergonomie er les contenus et services  <\/span><\/pre>\n<\/div>\n<div class=\"cli_pg_page_contaner\">\n<h3>Quels type de cookies utilisons nous ?<\/h3>\nLes cookies n\u00e9cessaires \u00e0 votre navigations sur le site\nIls sont requis pour maintenir votre session utilisateur et rendre le site pleinement fonctionnel. Ils nous permettent de maintenir votre session utilisateur et participe \u00e0 la pr\u00e9vention contre les cyber-attaques en renfor\u00e7ant les dispositifs de s\u00e9curit\u00e9. Ils ne collectent et ne m\u00e9morise aucune donn\u00e9e personnel. Par exemple, ces cookies bloquent l'usage r\u00e9p\u00e9t\u00e9 du formulaire de contact pour \u00e9viter les spams.\n\nLes cookies pour les statistiques\nCes cookies remontent aux serveurs des donn\u00e9es permettant de d\u00e9terminer le nombre de visites sur le site, la proportion de visiteurs uniques, ls pages du site les plus visit\u00e9es, \u00e0 partir de quel site ou moteur de recherche , etc.\n\nNous n'utilisons pas de cookies \"marketing\" pour vous poussez des publicit\u00e9s cibl\u00e9es. De m\u00eame, nous n'h\u00e9bergeons de cookies pour le compte d'un tiers.\n<h3>Comment puis-je contr\u00f4ler mes cookies ?<\/h3>\nCes traceurs ne peuvent pas, techniquement, \u00eatre d\u00e9sactiv\u00e9s depuis le site. Vous pouvez n\u00e9anmoins vous opposer \u00e0 l'utilisation de ces traceurs, exclusivement en param\u00e9trant votre navigateur. Ce param\u00e9trage d\u00e9pend du navigateur que vous utilisez, mais il est en g\u00e9n\u00e9ral simple \u00e0 r\u00e9aliser : en principe, vous pouvez soit activer une fonction de navigation priv\u00e9e soit uniquement interdire ou restreindre les traceurs (cookies). Attention, il se peut que des traceurs aient \u00e9t\u00e9 enregistr\u00e9s sur votre p\u00e9riph\u00e9rique avant le param\u00e9trage de votre navigateur : dans ce cas, effacez votre historique de navigation, toujours en utilisant le param\u00e9trage de votre navigateur.\n<div><\/div>\n<\/div>","_et_gb_content_width":""},"yoast_head":"<!-- This site is optimized with the Yoast SEO plugin v19.1 - https:\/\/yoast.com\/wordpress\/plugins\/seo\/ -->\n<title>Politique des cookies du site - Expertises en cartographie et informatique au service de l&#039;agriculture<\/title>\n<meta name=\"robots\" content=\"index, follow, max-snippet:-1, max-image-preview:large, max-video-preview:-1\" \/>\n<link rel=\"canonical\" href=\"https:\/\/www.usedrone.fr\/index.php\/donnees-personnelles\/\" \/>\n<meta property=\"og:locale\" content=\"fr_FR\" \/>\n<meta property=\"og:type\" content=\"article\" \/>\n<meta property=\"og:title\" content=\"Politique des cookies du site - Expertises en cartographie et informatique au service de l&#039;agriculture\" \/>\n<meta property=\"og:description\" content=\"A propos de la politique des cookies du site Le site www.usedrone.fr que vous visitez utilise des traceurs (ccokies). Ainsi, il est susceptible d&#039;acc\u00e9der \u00e0 des informations d\u00e9j\u00e0 stock\u00e9es dans votre ordinateur, tablette ou smartphone et d&#039;y inscrire des informations pour faciliter votre navigation, et nous renseigner sur vos centres d&#039;int\u00e9r\u00eats sur le site. C&#039;est [&hellip;]\" \/>\n<meta property=\"og:url\" content=\"https:\/\/www.usedrone.fr\/index.php\/donnees-personnelles\/\" \/>\n<meta property=\"og:site_name\" content=\"Expertises en cartographie et informatique au service de l&#039;agriculture\" \/>\n<meta property=\"article:modified_time\" content=\"2021-04-20T21:25:24+00:00\" \/>\n<meta name=\"twitter:card\" content=\"summary_large_image\" \/>\n<meta name=\"twitter:label1\" content=\"Dur\u00e9e de lecture estim\u00e9e\" \/>\n\t<meta name=\"twitter:data1\" content=\"3 minutes\" \/>\n<script type=\"application\/ld+json\" class=\"yoast-schema-graph\">{\"@context\":\"https:\/\/schema.org\",\"@graph\":[{\"@type\":\"WebSite\",\"@id\":\"https:\/\/www.usedrone.fr\/#website\",\"url\":\"https:\/\/www.usedrone.fr\/\",\"name\":\"Expertises en cartographie et informatique au service de l&#039;agriculture\",\"description\":\"Gagner en efficience avec la digitalisation de votre m\u00e9tier\",\"potentialAction\":[{\"@type\":\"SearchAction\",\"target\":{\"@type\":\"EntryPoint\",\"urlTemplate\":\"https:\/\/www.usedrone.fr\/?s={search_term_string}\"},\"query-input\":\"required name=search_term_string\"}],\"inLanguage\":\"fr-FR\"},{\"@type\":\"WebPage\",\"@id\":\"https:\/\/www.usedrone.fr\/index.php\/donnees-personnelles\/#webpage\",\"url\":\"https:\/\/www.usedrone.fr\/index.php\/donnees-personnelles\/\",\"name\":\"Politique des cookies du site - Expertises en cartographie et informatique au service de l&#039;agriculture\",\"isPartOf\":{\"@id\":\"https:\/\/www.usedrone.fr\/#website\"},\"datePublished\":\"2021-04-20T21:01:15+00:00\",\"dateModified\":\"2021-04-20T21:25:24+00:00\",\"breadcrumb\":{\"@id\":\"https:\/\/www.usedrone.fr\/index.php\/donnees-personnelles\/#breadcrumb\"},\"inLanguage\":\"fr-FR\",\"potentialAction\":[{\"@type\":\"ReadAction\",\"target\":[\"https:\/\/www.usedrone.fr\/index.php\/donnees-personnelles\/\"]}]},{\"@type\":\"BreadcrumbList\",\"@id\":\"https:\/\/www.usedrone.fr\/index.php\/donnees-personnelles\/#breadcrumb\",\"itemListElement\":[{\"@type\":\"ListItem\",\"position\":1,\"name\":\"Accueil\",\"item\":\"https:\/\/www.usedrone.fr\/\"},{\"@type\":\"ListItem\",\"position\":2,\"name\":\"Politique des cookies du site\"}]}]}<\/script>\n<!-- \/ Yoast SEO plugin. -->","yoast_head_json":{"title":"Politique des cookies du site - Expertises en cartographie et informatique au service de l&#039;agriculture","robots":{"index":"index","follow":"follow","max-snippet":"max-snippet:-1","max-image-preview":"max-image-preview:large","max-video-preview":"max-video-preview:-1"},"canonical":"https:\/\/www.usedrone.fr\/index.php\/donnees-personnelles\/","og_locale":"fr_FR","og_type":"article","og_title":"Politique des cookies du site - Expertises en cartographie et informatique au service de l&#039;agriculture","og_description":"A propos de la politique des cookies du site Le site www.usedrone.fr que vous visitez utilise des traceurs (ccokies). Ainsi, il est susceptible d'acc\u00e9der \u00e0 des informations d\u00e9j\u00e0 stock\u00e9es dans votre ordinateur, tablette ou smartphone et d'y inscrire des informations pour faciliter votre navigation, et nous renseigner sur vos centres d'int\u00e9r\u00eats sur le site. C'est [&hellip;]","og_url":"https:\/\/www.usedrone.fr\/index.php\/donnees-personnelles\/","og_site_name":"Expertises en cartographie et informatique au service de l&#039;agriculture","article_modified_time":"2021-04-20T21:25:24+00:00","twitter_card":"summary_large_image","twitter_misc":{"Dur\u00e9e de lecture estim\u00e9e":"3 minutes"},"schema":{"@context":"https:\/\/schema.org","@graph":[{"@type":"WebSite","@id":"https:\/\/www.usedrone.fr\/#website","url":"https:\/\/www.usedrone.fr\/","name":"Expertises en cartographie et informatique au service de l&#039;agriculture","description":"Gagner en efficience avec la digitalisation de votre m\u00e9tier","potentialAction":[{"@type":"SearchAction","target":{"@type":"EntryPoint","urlTemplate":"https:\/\/www.usedrone.fr\/?s={search_term_string}"},"query-input":"required name=search_term_string"}],"inLanguage":"fr-FR"},{"@type":"WebPage","@id":"https:\/\/www.usedrone.fr\/index.php\/donnees-personnelles\/#webpage","url":"https:\/\/www.usedrone.fr\/index.php\/donnees-personnelles\/","name":"Politique des cookies du site - Expertises en cartographie et informatique au service de l&#039;agriculture","isPartOf":{"@id":"https:\/\/www.usedrone.fr\/#website"},"datePublished":"2021-04-20T21:01:15+00:00","dateModified":"2021-04-20T21:25:24+00:00","breadcrumb":{"@id":"https:\/\/www.usedrone.fr\/index.php\/donnees-personnelles\/#breadcrumb"},"inLanguage":"fr-FR","potentialAction":[{"@type":"ReadAction","target":["https:\/\/www.usedrone.fr\/index.php\/donnees-personnelles\/"]}]},{"@type":"BreadcrumbList","@id":"https:\/\/www.usedrone.fr\/index.php\/donnees-personnelles\/#breadcrumb","itemListElement":[{"@type":"ListItem","position":1,"name":"Accueil","item":"https:\/\/www.usedrone.fr\/"},{"@type":"ListItem","position":2,"name":"Politique des cookies du site"}]}]}},"_links":{"self":[{"href":"https:\/\/www.usedrone.fr\/index.php\/wp-json\/wp\/v2\/pages\/1855"}],"collection":[{"href":"https:\/\/www.usedrone.fr\/index.php\/wp-json\/wp\/v2\/pages"}],"about":[{"href":"https:\/\/www.usedrone.fr\/index.php\/wp-json\/wp\/v2\/types\/page"}],"author":[{"embeddable":true,"href":"https:\/\/www.usedrone.fr\/index.php\/wp-json\/wp\/v2\/users\/1"}],"replies":[{"embeddable":true,"href":"https:\/\/www.usedrone.fr\/index.php\/wp-json\/wp\/v2\/comments?post=1855"}],"version-history":[{"count":5,"href":"https:\/\/www.usedrone.fr\/index.php\/wp-json\/wp\/v2\/pages\/1855\/revisions"}],"predecessor-version":[{"id":1861,"href":"https:\/\/www.usedrone.fr\/index.php\/wp-json\/wp\/v2\/pages\/1855\/revisions\/1861"}],"wp:attachment":[{"href":"https:\/\/www.usedrone.fr\/index.php\/wp-json\/wp\/v2\/media?parent=1855"}],"curies":[{"name":"wp","href":"https:\/\/api.w.org\/{rel}","templated":true}]}}